{"id":48,"date":"2015-03-08T22:37:31","date_gmt":"2015-03-08T21:37:31","guid":{"rendered":"http:\/\/www.radiocona.si\/slo\/?page_id=48"},"modified":"2015-03-08T22:38:23","modified_gmt":"2015-03-08T21:38:23","slug":"cv","status":"publish","type":"page","link":"https:\/\/www.radiocona.si\/slo\/cv\/","title":{"rendered":"CV"},"content":{"rendered":"<p>&#8212;manjka prevod&#8212;<\/p>\n<p><span style=\"text-decoration: underline;\">radioCona\u00a0 selected\u00a0 exhibitions and programming<br \/>\n<\/span><\/p>\n<p>2014<\/p>\n<ul>\n<li><strong>radioCona REuseCITY: REuseRADIO<\/strong> \u2013 FM exhibition of sound art\/radio art, 15 &#8211; 20 Jan 2014\u00a0courators: Anna Friz, Irena Pivka, Jasmna Zaloz\u030cnik, Brane Zorman\u00a0artists: Anna Friz, Maria Papadomanolaki, Marko Batista, Brane Zorman, Simon Macuh, OR Poesis, Mikro Kathy Kennedy, Jeff Kolar, Volkmar Klein and more international artist and their sound works.<\/li>\n<\/ul>\n<p>2012<\/p>\n<ul>\n<li><strong>Response Sound Maps\/Walk<\/strong>s November 6 \u2013 15, 2012\u00a0radioCona \/ Irena Pivka, Brane Zorman in collaboration with Radio Aporee \/ Udo Noll\u00a0Aksioma \/ Project Space and radioCona FM 88.8 MHz, Ljubljana<\/li>\n<li><strong>radioCona: FIELD<\/strong>\u00a0Artists: Daniel Premec , Maja Pelevic\u0301 and Milan Markovic\u0301, Ronald Panza and Mili Sefic\u0301, Shadow Casters, Zli bubnjari, Simona Hamer, Simona Semenic\u030c, Zalka Grabnar Kogoj, Ervin Hatibi, Sas\u030ca Markovic\u030c Mikrob, Pivka, Brane Zorman\u00a0Artistwalks: Belgrade (SR), Mostar, Sarajevo (BIH), Durres (Al), Zagreb (Cro), Ljubljana (Slo)<\/li>\n<\/ul>\n<p>2011<\/p>\n<ul>\n<li><strong>radioCona: Radio Arts Space<\/strong> \u2013 broadcast\/exhibition of sound art\/radio art , dec. 2011author: Irena Pivka, Brane Zorman, selectors: Robert Sakrovski (Berlin), Ilari Valbonesi (Roma), Manja Ristic\u030c (NGBK Beograd), Milica Pekic\u030c (KIOSK Beograd), Maria Papadomanolaki (New York), Tevz\u030c Logar (Ljubljana), Brane Zorman (Ljubljana). Selectros will select among 160 intenational sound art and radio art artsis<\/li>\n<\/ul>\n<ul>\n<li><strong>radioCona:radio as an arts space &#8211; STATION ZONE<\/strong>,Cona and Muzeji in galerije mesta Ljubljana, Mestni Muzej: <span style=\"text-decoration: underline;\">COMPAGNI DI VIAGGO<\/span>, Alenka Gregori\u010d<\/li>\n<\/ul>\n<p>2010<\/p>\n<ul>\n<li><strong>radioCona:POGOVOTI\/TALKS<\/strong> Cona and Moderna Galerija Ljubljana; <span style=\"text-decoration: underline;\">Ideja za \u017divljenje: U3<\/span> 2010, Charles Esche<\/li>\n<li><strong>radioCona:Sweet nowher<\/strong>, Cona and Muzeji in galerije mesta Ljubljana, Mestni Muzej: <span style=\"text-decoration: underline;\">Nikjer je najlep\u0161e\/Sweet nowhere<\/span>, Alenka Gregori\u010d<\/li>\n<li><strong>Zaple\u0161i Tudi ti<\/strong>\/Come And Dance Cona and AnaMonro, Maska International dance day<\/li>\n<li><strong>radioCona ZVOK ZA IVAN\u0160KA, <\/strong><span style=\"text-decoration: underline;\">AT HOME<\/span><strong>:<\/strong>Architects France and Marta Ivan\u0161ek Curators: Martina Male\u0161i\u010d and Anja Plani\u0161\u010dek Trajekt Zavod za prostorsko kulturo, Moderna galerija<\/li>\n<\/ul>\n<p>2009<\/p>\n<ul>\n<li><strong> <strong>audioBook 01 copyright<\/strong><\/strong> 28 Grafil\u010dni Bienale <span style=\"text-decoration: underline;\">Matrica: nestabilna realnost<\/span> MGLC, Bo\u017eidar Zrinski<\/li>\n<li><strong>radioCona:ARSENAL DEPO<\/strong>, Cona and Kapelica, <span style=\"text-decoration: underline;\">Arsenal depo 2K9<\/span>, Jurij Krpan<\/li>\n<li><strong>radioCona: A10 Poljane<\/strong> Cona and Ano Monro <span style=\"text-decoration: underline;\">Ana Desetnica<\/span><\/li>\n<\/ul>\n<p>2008<\/p>\n<ul>\n<li><strong>radioCona:Public Space, <\/strong>Cona and Moderna Galerija Ljubljana:<span style=\"text-decoration: underline;\"> Muzej na Cesti\/Museum in the Street<\/span>, Bojana Pi\u0161kur, Zdenka Badovinac<\/li>\n<li><strong>radioCona<\/strong> <span style=\"text-decoration: underline;\">23 \u010dlen<\/span>, \u0160KUC Tina Smrekar, Alenka Gregori\u010d<\/li>\n<li><strong>radioCona:Copyrights<\/strong> Cona<\/li>\n<li><strong>radioCona: production conditions, <\/strong>Cona<\/li>\n<\/ul>\n<p><strong> <\/strong><span style=\"text-decoration: underline;\">avdioBook<\/span><\/p>\n<ul>\n<li><strong><strong><strong><strong>audioBook 02Pogovori\/Talks <\/strong><\/strong><\/strong><\/strong>2010, Cona<strong><strong><\/strong><\/strong><\/li>\n<li><strong><strong>audioBook 01 copyright <\/strong><\/strong>2009 Cona and MGLC<\/li>\n<\/ul>\n<p><span style=\"text-decoration: underline;\">international COLLABORATIONS<\/span><\/p>\n<ul>\n<li>CoLaboRadio \u2013 radioCona monthly edition, Berlin 2011<\/li>\n<li><strong>Sounds Like A Venice 2011<\/strong>\u00a0<strong> <a href=\"http:\/\/www.romaradioartfair.it\/\">ROMA radio art fair<\/a><\/strong> 2011<\/li>\n<li>Radiophonic Creation Day, 2011<\/li>\n<li>TRACES &amp; <a title=\"RadioCona\" href=\"http:\/\/www.cona.si\/radio\" target=\"_self\">radioCona at <\/a>transmediale 11\u00a0 \/ open Zone\u00a0 Feb. 2011, Berlin<\/li>\n<li>\u00a0RAM live, broadcastet of diffrent radioCona artworks and avdio materials 2008 and now on<\/li>\n<li>\u00a0<strong>Sounds Like A Venice,<\/strong> 2009<\/li>\n<\/ul>\n<p><span style=\"text-decoration: underline;\">home\u00a0 COLLABORATIONS<\/span><strong><\/strong><\/p>\n<ul>\n<li>Podrealisti\u010dni maniferst 2011<\/li>\n<li>Earzoom 2010<\/li>\n<li>Ukrep 2010<\/li>\n<li>Maska seminar 2009\/2010<\/li>\n<li>Poslednja beseda, 2009<\/li>\n<\/ul>\n<p><span style=\"text-decoration: underline;\">Catalogues<\/span><\/p>\n<ul>\n<li>\u00a0Transmediale 11 RESPONSE: ABILITY, Berlin 2011<\/li>\n<li>COMPAGNI DI VIAGGO, City Art Museum, Ljubljana, 2011<\/li>\n<li>Tenda Gialla, Kamp Kulture , Zagreb 2010<\/li>\n<li>U3, An Idea for Living, Museum of Modern Art, Ljubljana, 2010<strong><\/strong><br \/>\n<a href=\"http:\/\/www.radiocona.si\/wp-content\/uploads\/2011\/10\/radioCona-tekstFINALpdf.pdf\">U3 radioCona \/slo<\/a>, <a href=\"http:\/\/www.radiocona.si\/wp-content\/uploads\/2011\/10\/radioCona-english-FINAL.pdf\">U3 radioCona \/eng<\/a><\/li>\n<li>Sweet Nowhere, City Art Museum, Ljubljana, 2010<\/li>\n<li>Museum in the streets, Museum of Modern Art, Ljubljana, 2009<br \/>\n<a href=\"http:\/\/www.radiocona.si\/archives\/977\">link<\/a><\/li>\n<li>28th Biennial of Graphic Arts, Ljubljana, 2009<\/li>\n<\/ul>\n<p>&nbsp;<\/p>\n<p>&nbsp;<\/p>\n<p>&nbsp;<\/p>\n","protected":false},"excerpt":{"rendered":"<p>&#8212;manjka prevod&#8212; radioCona\u00a0 selected\u00a0 exhibitions and programming 2014 radioCona REuseCITY: REuseRADIO \u2013 FM exhibition of sound art\/radio art, 15 &#8211; 20 Jan 2014\u00a0courators: Anna Friz, Irena Pivka, Jasmna Zaloz\u030cnik, Brane Zorman\u00a0artists: Anna Friz, Maria Papadomanolaki, Marko Batista, Brane Zorman, Simon Macuh, OR Poesis, Mikro Kathy Kennedy, Jeff Kolar, Volkmar Klein and more international artist and [&hellip;]<\/p>\n","protected":false},"author":2,"featured_media":0,"parent":0,"menu_order":0,"comment_status":"closed","ping_status":"closed","template":"","meta":{"_mi_skip_tracking":false,"_monsterinsights_sitenote_active":false,"_monsterinsights_sitenote_note":"","_monsterinsights_sitenote_category":0},"_links":{"self":[{"href":"https:\/\/www.radiocona.si\/slo\/wp-json\/wp\/v2\/pages\/48"}],"collection":[{"href":"https:\/\/www.radiocona.si\/slo\/wp-json\/wp\/v2\/pages"}],"about":[{"href":"https:\/\/www.radiocona.si\/slo\/wp-json\/wp\/v2\/types\/page"}],"author":[{"embeddable":true,"href":"https:\/\/www.radiocona.si\/slo\/wp-json\/wp\/v2\/users\/2"}],"replies":[{"embeddable":true,"href":"https:\/\/www.radiocona.si\/slo\/wp-json\/wp\/v2\/comments?post=48"}],"version-history":[{"count":1,"href":"https:\/\/www.radiocona.si\/slo\/wp-json\/wp\/v2\/pages\/48\/revisions"}],"predecessor-version":[{"id":50,"href":"https:\/\/www.radiocona.si\/slo\/wp-json\/wp\/v2\/pages\/48\/revisions\/50"}],"wp:attachment":[{"href":"https:\/\/www.radiocona.si\/slo\/wp-json\/wp\/v2\/media?parent=48"}],"curies":[{"name":"wp","href":"https:\/\/api.w.org\/{rel}","templated":true}]}}