{"id":577,"date":"2017-04-24T14:15:16","date_gmt":"2017-04-24T12:15:16","guid":{"rendered":"http:\/\/www.radiocona.si\/slo\/?page_id=577"},"modified":"2017-04-24T14:15:16","modified_gmt":"2017-04-24T12:15:16","slug":"radioconasoundcamp-2017","status":"publish","type":"page","link":"https:\/\/www.radiocona.si\/slo\/radioconasoundcamp-2017\/","title":{"rendered":"radioCona:soundcamp 2017"},"content":{"rendered":"<p><a href=\"http:\/\/www.radiocona.si\/slo\/radioconasoundcamp-2017\/img_20160317_135245965-kvadart\/\" rel=\"attachment wp-att-578\"><img decoding=\"async\" loading=\"lazy\" class=\"alignleft size-thumbnail wp-image-578\" src=\"http:\/\/www.radiocona.si\/slo\/wp-content\/uploads\/sites\/3\/2017\/04\/IMG_20160317_135245965-kvadart-150x150.jpg\" alt=\"\" width=\"150\" height=\"150\" \/><\/a>spletni performans in in-situ dogodki<br \/>\nsobota, 6.5. od 16.00 &#8211; nedelja, 7.5, 2017 do 7.00<br \/>\n<a href=\"http:\/\/soundtent.org\/\">Reveil<\/a>,\u00a0<a href=\"http:\/\/www.radiocona.si\/\">radioCona<\/a>\u00a0in <a href=\"http:\/\/www.botanicni-vrt.si\/\">Rastlinjak Tivoli<\/a>, Ljubljana<\/p>\n<p>sobota 6.maj<br \/>\n17.00 \u2013 22.00 knji\u017enica zvo\u010dnih del (Agapea, beepblip, Andrej Hrvatin, Petra Kap\u0161 (alias OR poises), Borut Peternelj(Amper-o-mat), Roberina \u0160ebjani\u010d, Miha Tur\u0161i\u010d\/\u0160pela Petri\u010d, Tea Vidmar\/Ana Kravanja, Brane Zorman\/Maja Smrekar) za <em>radioCona:wolFMoon<\/em><br \/>\n18.00 \u2013 19.00 Marko Batista in Brane Zorman: zvo\u010dni performans<br \/>\n19.00 \u2013 20.00 Irena Pivka, Brane Zorman <em>Hoditi Aphelion\/Perhihelion<\/em> zvo\u010dni sprehod<br \/>\n20.15 Dr. Maja Zagmajster SDPVN\u00a0<em>Vodstvo in poslu\u0161anje netopirjev<\/em><\/p>\n<p>nedelja 7.maj<br \/>\n4.00 (UTC+1)\u00a0Brane Zorman, Marko Trstenjak: spletno oddajanje v Reveil\u00a0spletno poslu\u0161anje<\/p>\n<p>radioCona se \u010detrto leto zapored pridru\u017euje projektu\u00a0<em><a href=\"http:\/\/soundtent.org\/\">Reveil<\/a><\/em>, ki zvezno od mikrofona do mikrofona, v celo-dnevnem oddajanju ob jutranjem svitu potuje po zemeljski obli.\u00a0<em>Reveil <\/em>je 24-urno spletno mre\u017eno oddajane zvokov jutranjega svita v \u017eivo, ki sovpada z International Dawn Chorus Day.<br \/>\nradioCona soundcamp pripravljajo\u00a0Marko Batista, Irena Pivka, Marko Trstenjak, dr.Maja Zagmajster in Brane Zorman.<br \/>\n<a href=\"http:\/\/www.soundtent.org\/2015\/streams\/streams_2015_UTC+1_cona.html\">Arhivski posnetek KSEVT, Vitanje, 2015<\/a><\/p>\n","protected":false},"excerpt":{"rendered":"<p>spletni performans in in-situ dogodki sobota, 6.5. od 16.00 &#8211; nedelja, 7.5, 2017 do 7.00 Reveil,\u00a0radioCona\u00a0in Rastlinjak Tivoli, Ljubljana sobota 6.maj 17.00 \u2013 22.00 knji\u017enica zvo\u010dnih del (Agapea, beepblip, Andrej Hrvatin, Petra Kap\u0161 (alias OR poises), Borut Peternelj(Amper-o-mat), Roberina \u0160ebjani\u010d, Miha Tur\u0161i\u010d\/\u0160pela Petri\u010d, Tea Vidmar\/Ana Kravanja, Brane Zorman\/Maja Smrekar) za radioCona:wolFMoon 18.00 \u2013 19.00 Marko [&hellip;]<\/p>\n","protected":false},"author":3,"featured_media":0,"parent":0,"menu_order":0,"comment_status":"closed","ping_status":"closed","template":"","meta":{"_mi_skip_tracking":false,"_monsterinsights_sitenote_active":false,"_monsterinsights_sitenote_note":"","_monsterinsights_sitenote_category":0},"_links":{"self":[{"href":"https:\/\/www.radiocona.si\/slo\/wp-json\/wp\/v2\/pages\/577"}],"collection":[{"href":"https:\/\/www.radiocona.si\/slo\/wp-json\/wp\/v2\/pages"}],"about":[{"href":"https:\/\/www.radiocona.si\/slo\/wp-json\/wp\/v2\/types\/page"}],"author":[{"embeddable":true,"href":"https:\/\/www.radiocona.si\/slo\/wp-json\/wp\/v2\/users\/3"}],"replies":[{"embeddable":true,"href":"https:\/\/www.radiocona.si\/slo\/wp-json\/wp\/v2\/comments?post=577"}],"version-history":[{"count":3,"href":"https:\/\/www.radiocona.si\/slo\/wp-json\/wp\/v2\/pages\/577\/revisions"}],"predecessor-version":[{"id":581,"href":"https:\/\/www.radiocona.si\/slo\/wp-json\/wp\/v2\/pages\/577\/revisions\/581"}],"wp:attachment":[{"href":"https:\/\/www.radiocona.si\/slo\/wp-json\/wp\/v2\/media?parent=577"}],"curies":[{"name":"wp","href":"https:\/\/api.w.org\/{rel}","templated":true}]}}