{"id":637,"date":"2018-01-22T16:23:21","date_gmt":"2018-01-22T15:23:21","guid":{"rendered":"http:\/\/www.radiocona.si\/slo\/?page_id=637"},"modified":"2018-01-30T10:13:24","modified_gmt":"2018-01-30T09:13:24","slug":"radioconaicebreakerfm","status":"publish","type":"page","link":"https:\/\/www.radiocona.si\/slo\/radioconaicebreakerfm\/","title":{"rendered":"radioCona:ICEbreakerFM"},"content":{"rendered":"<p>Obletnica delovanja platforme\u00a0radioCona\u00a0razpira desetletno prizadevanje pri oranju ledine in taljenju ledu frekven\u010dnega prostora, ki tako postaja dostopnej\u0161i produkciji sodobne umetnosti in ponuja publiki mo\u017enost senzibiliziranja za poslu\u0161anje kompleksnej\u0161ih zvo\u010dnih del.<\/p>\n<p><em><a href=\"http:\/\/www.radiocona.si\/slo\/radioconaicebreakerfm\/ceknica-001-copy-2\/\" rel=\"attachment wp-att-696\"><img decoding=\"async\" loading=\"lazy\" class=\"alignleft size-thumbnail wp-image-696\" src=\"http:\/\/www.radiocona.si\/slo\/wp-content\/uploads\/sites\/3\/2018\/01\/ceknica-001-copy-1-150x150.jpg\" alt=\"\" width=\"150\" height=\"150\" \/><\/a>radioCona:ICEbreakerFM<\/em><br \/>\nFM razstava zvo\u010dnih in radijskih del<br \/>\nnedelja, 11.\u2013\u010detrtek 15. feb, od 18.28.<br \/>\nFM 88.8MHz in spletni prenos<\/p>\n<p>Povezava na\u00a0 <strong><a href=\"http:\/\/www.radiocona.si\/slo\/radioconaice-breakerfm-fm-program\/\">FM\u00a0program\u00a0<\/a>\u00a0<\/strong>po dnevih.<\/p>\n<p>&nbsp;<\/p>\n<p>Petdnevno oddajanje v obliki FM razstave je posvec\u030ceno prerezu desetletne produkcije platforme\u00a0<em>radioCona,<\/em>\u00a0ki je v na\u0161em prostoru opozorila na uporabo radijske frekvence kot javnega in galerijskega prostora ter ponudila nov polet udele\u017eenim pri ustvarjanju in promociji zvo\u010dnih in radijskih del. Pomenljiv naslov<em>\u00a0ICEbreakerFM,<\/em>\u00a0ka\u017ee potencial frekven\u010dnega prostora, ki ga je Cona v kontekstu radijskih, kuratorskih in umetni\u0161kih praks v teh letih \u00bblomila\u00ab in razpirala.<\/p>\n<p>Dela umetnikov:\u00a0Amper-o-mat, Marko Batista, beepblip, Ali Bramwell, \u0160pela Drnov\u0161ek, Anna Friz, Andrej Hrvatin, Gregor Kamnikar, Kathy Kennedy, Jeff Kolar, Konrad Korabiewski, Kikiriki, Volkmar Klien, Andra\u017e Magajna, Simon Macuh, Udo Noll, OR poiesis, Maja Osojnik, Maria Papadomanolaki, Ronald Panza, Bo\u0161tjan Perov\u0161ek, Vasja Progar, Daniel Premec, Irena Pivka, Alenka Pirman, Sa\u0161a Rakef, Mili Sefi\u0107, Maja Smrekar, Sa\u0161a Spa\u010dal (Agapea), Dejan Srhoj, Bojana \u0160alji\u010d Pode\u0161va, Robertina \u0160ebjani\u010d, Igor \u0160tromajer, Jan Turk, Jasmina Zalo\u017enik, Brane Zorman.<br \/>\nKurirajo: Petra Kap\u0161, Irena Pivka, Jasmina Zalo\u017enik in Brane Zorman<\/p>\n<p>dogodka:<\/p>\n<p><em>4-kanalna improvizacija na dveh FM frekvencah, <\/em>ponovitev performansa iz leta 2015<br \/>\nAnna Friz in Brane Zorman<br \/>\nponedeljek, 12. feb., 23.00\u201324.00<br \/>\nradioCona 88.8\u00a0MHz in Radio \u0160tudent 89.3\u00a0MHz<\/p>\n<p><em><a href=\"http:\/\/www.radiocona.si\/slo\/pregon-zime\/\"><img decoding=\"async\" loading=\"lazy\" class=\"alignleft size-thumbnail wp-image-629\" src=\"http:\/\/www.radiocona.si\/slo\/wp-content\/uploads\/sites\/3\/2018\/01\/pregon-zime_Cona_mala-150x150.jpg\" alt=\"\" width=\"150\" height=\"150\" \/><\/a><a href=\"http:\/\/www.radiocona.si\/slo\/pregon-zime\/\" target=\"_blank\" rel=\"noopener noreferrer\">Pre:gon zime\u00a0<\/a><\/em><br \/>\ncelove\u010derni koncertni dogodek zvo\u010dnih umetnic in umetnikov ob 10. obletnici delovanja platforme\u00a0<em>radioCona<\/em><br \/>\ntorek, 13. feb., 20.00\u201322.00<br \/>\n<a href=\"http:\/\/www.kinosiska.si\/dogodek\/pregon-zime\/\" target=\"_blank\" rel=\"noopener noreferrer\">Kino \u0160i\u0161ka<\/a>, dvorana Komuna<br \/>\nradioCona 88.8\u00a0MHz in Radio \u0160tudent 89.3\u00a0MHz<br \/>\nAmper-o-mat, beepblip, OR poiesis, Bojana \u0160alji\u010d Pode\u0161va, Brane Zorman\u00a0in skupinska improvizacija pod taktirko\u00a0Bo\u0161tjana Perov\u0161ka<\/p>\n<p>___<\/p>\n<p>Prva leta delovanja so bila usmerjena predvsem v sistemske tematike (avtorske pravice, dostop do frekvenc, FM frekvenca kot javni in galerijski prostor). Danes projekt vzpostavlja pogoje za predstavljanje in ustvarjanje zvo\u010dnih del. Ustvarja pa tudi prostorske in \u010dasovne kontekste za poslu\u0161anje teh del, kar poudarjamo z umestitvijo vsakoletne FM razstave v no\u010dni, zimski \u010das.<\/p>\n<p>Ve\u010dplasten pregled delovanja platforme\u00a0<em>radioCona<\/em>\u00a0je prikaz konceptualnih in izvedbenih strategij, nastalih v sodelovanju z doma\u010dimi in mednarodnimi ustvarjalci. Razstava je hkrati tudi prilo\u017enost za osvetljevanje pomena in \u0161e kako potrebna produkcijska platforma za ustvarjanje, predstavljanje in afirmiranje sodobne zvo\u010dne in radijske umetnosti pri nas ter vzpostavljanje odnosov z mednarodno sceno.<\/p>\n<p><em>radioCona:ICEbreakerFM<\/em>\u00a0izpostavlja in ume\u0161\u010da dela in zapise performansov, ki so bili koncipirani v kontekstu zvoka in radijske frekvence kot prostorske komponente. Izbrana dela se osredoto\u010dajo na podro\u010dja akusti\u010dne ekologije, transmisijske umetnosti, zvo\u010dnih sprehodov, razli\u010dnih oblik mapiranja in intervencij v javni prostor, ki se nenehno preme\u0161\u010dajo med urbanim in naravnim okoljem.<\/p>\n<p>Za\u010dasno oddajanje je prilo\u017enost, da izostrimo \u010dute za poslu\u0161anje, se potopimo v trajajo\u010da, meditativna dela ter se prepustimo poetiki zvokov neznanih ali nezaznavnih okolij. Cona razpira in pre\u010di meje zvo\u010dnih in intermedijskih umetnosti, vzpostavlja prostor za sre\u010devanje ustvarjalcev ter spodbuja interdisciplinarne raziskave.<\/p>\n<p>___<\/p>\n<p>Kuratorji FM razstave\u00a0<em>radioCona:ICE breakFM<\/em>\u00a0in zasnova zvo\u010dnega dogodka\u00a0<em>Pre:gon zime<\/em>\u00a0Petra Kap\u0161, Irena Pivka, Jasmina Zalo\u017enik, Brane Zorman<br \/>\nOrganizacija zvo\u010dnega dogodka<em>\u00a0Pre:gon zime<\/em>: Brane Zorman<br \/>\nPovezovalca FM razstave in zvo\u010dnega dogodka: Irena Pivka, Gregor Kamnikar<br \/>\nTehnic\u030cno vodstvo: Brane Zorman, Marko Trstenjak, Tina Kralj<br \/>\nUvodnik: Jasmina Zalo\u017enik, Irena Pivka<br \/>\nPrevodi v angle\u0161\u010dino in sloven\u0161\u010dino, jezikovni pregled: Urban Belina<br \/>\nOblikovanje zlo\u017eenke: Irena Pivka<br \/>\nFotografije: Bojan Pivka, Irena Pivka, Dr. Pablo Clemente-Colon, Chief Scientist National Ice Center<br \/>\nSpletno oblikovanja: Vesna Bukovec, Irena Pivka<br \/>\nPartner FM oddajanja: RTV SLO OE Oddajniki in zveze<br \/>\nPartner spletnega oddajanja: Emanat<br \/>\nPartnerja zvo\u010dnega dogodka<em>\u00a0Pre:gon zime<\/em>: Kino \u0160i\u0161ka in Radio \u0160tudent<br \/>\nPartner performansa in zvo\u010dnega dogodka: Radio \u0160tudent<br \/>\nPartner: 3. program Radia Slovenije \u2013 program ARS<br \/>\nProducenta in organizatorja: Irena Pivka, Brane Zorman<br \/>\nProdukcija: CONA, 2018, www.cona.si<br \/>\nProgram CONE podpira Mestna obc\u030cina Ljubljana, oddelek za kulturo, projekte podpira Ministrstvo za kulturo RS.<\/p>\n","protected":false},"excerpt":{"rendered":"<p>Obletnica delovanja platforme\u00a0radioCona\u00a0razpira desetletno prizadevanje pri oranju ledine in taljenju ledu frekven\u010dnega prostora, ki tako postaja dostopnej\u0161i produkciji sodobne umetnosti in ponuja publiki mo\u017enost senzibiliziranja za poslu\u0161anje kompleksnej\u0161ih zvo\u010dnih del. radioCona:ICEbreakerFM FM razstava zvo\u010dnih in radijskih del nedelja, 11.\u2013\u010detrtek 15. feb, od 18.28. FM 88.8MHz in spletni prenos Povezava na\u00a0 FM\u00a0program\u00a0\u00a0po dnevih. &nbsp; Petdnevno oddajanje [&hellip;]<\/p>\n","protected":false},"author":3,"featured_media":0,"parent":0,"menu_order":0,"comment_status":"closed","ping_status":"closed","template":"","meta":{"_mi_skip_tracking":false,"_monsterinsights_sitenote_active":false,"_monsterinsights_sitenote_note":"","_monsterinsights_sitenote_category":0},"_links":{"self":[{"href":"https:\/\/www.radiocona.si\/slo\/wp-json\/wp\/v2\/pages\/637"}],"collection":[{"href":"https:\/\/www.radiocona.si\/slo\/wp-json\/wp\/v2\/pages"}],"about":[{"href":"https:\/\/www.radiocona.si\/slo\/wp-json\/wp\/v2\/types\/page"}],"author":[{"embeddable":true,"href":"https:\/\/www.radiocona.si\/slo\/wp-json\/wp\/v2\/users\/3"}],"replies":[{"embeddable":true,"href":"https:\/\/www.radiocona.si\/slo\/wp-json\/wp\/v2\/comments?post=637"}],"version-history":[{"count":22,"href":"https:\/\/www.radiocona.si\/slo\/wp-json\/wp\/v2\/pages\/637\/revisions"}],"predecessor-version":[{"id":753,"href":"https:\/\/www.radiocona.si\/slo\/wp-json\/wp\/v2\/pages\/637\/revisions\/753"}],"wp:attachment":[{"href":"https:\/\/www.radiocona.si\/slo\/wp-json\/wp\/v2\/media?parent=637"}],"curies":[{"name":"wp","href":"https:\/\/api.w.org\/{rel}","templated":true}]}}