{"id":677,"date":"2018-01-22T18:43:35","date_gmt":"2018-01-22T17:43:35","guid":{"rendered":"http:\/\/www.radiocona.si\/slo\/?page_id=677"},"modified":"2018-02-02T14:53:31","modified_gmt":"2018-02-02T13:53:31","slug":"radioconaicebreakerfm-opisi-del-_-nedelja","status":"publish","type":"page","link":"https:\/\/www.radiocona.si\/slo\/radioconaicebreakerfm-opisi-del-_-nedelja\/","title":{"rendered":"radioCona:ICEbreakerFM \/ opisi del nedelja"},"content":{"rendered":"<p>Daniel Premec\u00a0<em><strong>It is time for alert<\/strong>\u00a0<\/em>[\u010cas za alarm], (4:00) \/ 2012<\/p>\n<p>Zvo\u010dna instalacija <em>It is time for alert<\/em> je nastala kot odziv na splo\u0161ne razmere v na\u0161i dr\u017eavi, ki se negativno odra\u017eajo v na\u0161i kulturi in pomembnih kulturnih institucijah, s \u010dimer prihaja do izgube na\u0161e kulturne identitete. S 30-minutnim zvokom sirene, name\u0161\u010dene na pro\u010delju umetni\u0161ke galerije, \u017eelim dr\u017eavljane opozoriti, da je trenutna situacija v na\u0161i dr\u017eavi nadvse zaskrbljujo\u010da.<br \/>\nProdukcija dogodka v Ljubljani Cona, za razstavo <em>Response sound maps\/walks<\/em>. povezava na video\u00a0<a href=\"https:\/\/vimeo.com\/54592523\"><em>\u010cas za alarm<\/em><\/a><\/p>\n<p>radioCona\u00a0<em><strong>APEL<\/strong> (1:20) \/ 2008<\/em><\/p>\n<p>Z apelom za vzpostavitev javno dostopnih frekvenc je radioCona leta 2008, ob tretjem FM oddajanju\u00a0<em>radioCona:Public space\u00a0<\/em>za razstavo\u00a0<em>Muzej na cesti <\/em>v Moderni galeriji, spro\u017eila razpravo o pobudi za vzpostavitev pasu prosto dostopnih radijskih frekvenc. Pristojna agencija je pobudo pozitivno sprejela, tako imamo danes na dr\u017eavnem nivoju ve\u010d nezasedenih, prosto dostopnih FM frekvenc.<br \/>\nProdukcija Cona.<\/p>\n<p>Sa\u0161ka Rakef\u00a0<em><strong>Krhanje lepote\u00a0<\/strong><\/em>(39:12) \/ 2017<br \/>\nradijska igra<\/p>\n<p>Od ljube\u010dega za\u010detka\u00a0in prvih trenutkov individualizma\u00a0do razkosanja\u00a0osebne lastnine,\u00a0doma\u010dih ljubljen\u010dkov\u00a0in skupnega otroka \u2013 zvo\u010dna igra\u00a0<em>Krhanje lepote<\/em>\u00a0tematizira razpad skupnosti in preizpra\u0161uje mo\u010d zapisanih pravil, saj, kot je izjavil \u017ee Platon, bo iznajdba pisave \u00bbv du\u0161ah tistih, ki se je nau\u010dijo, zaradi zanemarjanja spomina povzro\u010dila pozabo, ker se bodo zaradi zaupanja v pisanje spominjali od zunaj, zaradi tujih znakov, ne pa od znotraj, sami od sebe.\u00ab<br \/>\nInterpretacija Ga\u0161per Ti\u010d, Pia Zemlji\u010d. Zvo\u010dna krajina: Alenja Pivko Kne\u017eevi\u010d, Simon Pen\u0161ek, Brane Zorman. Re\u017eija: Sa\u0161ka Rakef. Produkcija: Cona.\u00a0povezava <em><a href=\"http:\/\/www.cona.si\/slo\/saska-rakef-krhanje-lepote\/?noredirect=sl_SI\">Krhanje lepote<\/a><strong><em>\u00a0<\/em>\u00a0<\/strong><\/em><\/p>\n<p>Irena Pivka\u00a0<em><strong>TM11 hall mapping<\/strong> [FM Mapiranje razstavi\u0161\u010da TM11], (15:19) \/ 2010<\/em><\/p>\n<p>Performativna dela iz serije <em>in-situ FM mapiranja<\/em> so v okviru oddajanj radiaCona nastajala na \u0161tevilnih prizori\u0161\u010dih v obdobju nekaj let. Intervencije so zdru\u017eevale lokacije s frekvenco in tako opozarjale na mo\u017enost so\u010dasne uporabe fizi\u010dnega in frekven\u010dnega prostora in \u010dasa. Mapiranje prostora se je v zanki, preko FM frekvence, vra\u010dalo na samo lokacijo, kjer so opazovalci opazovali in hkrati poslu\u0161ali mapiranje ve\u010dinoma vsakdanjega dogajanja.<br \/>\nMapiranje dogodkov razstavi\u0161\u010da Transmediale 11 v povratni zanki z FM oddajanjem.<br \/>\nZvo\u010dna obdelava: Brane Zorman. Produkcija Cona, za projekt <em>Traces Lounge:Traces<\/em> in radioCona, razstava <em>Transmediale11<\/em>.<\/p>\n<p>Anna Friz in Maja Osojnik\u00a0<em><strong>Trans local<\/strong>\u00a0<\/em>[Trans-lokalno], (25.40) \/ 2014<\/p>\n<p>Ustvarjalki vsaka v svojem studiju ustvarjata skupno kompozicijo, ki se soc\u030casno oddaja na dveh frekvencah in mednarodnih radijskih satelitih. V zvo\u010dnem\/glasbenem dialogu na daljavo raziskujeta mo\u017enosti bli\u017eine in spretno vzpostavljata u\u010dinkovite na\u010dine glasbene komunikacije.<br \/>\nDelo je nastalo ob praznovanju <em>1,000,051 Art\u2019s Birthday<\/em>, sodelovanje Cona in O\u03081 Kunstradio.<\/p>\n<p>Jeff Kolar\u00a0<em><strong>GSM buzz<\/strong>\u00a0<\/em>[Brnenje standarda GSM], (19:10) \/ 2013<\/p>\n<p>Zvoc\u030cna raziskava vzorcev elektromagnetnih interferenc med prenosnimi telefoni in rac\u030cunalnis\u030ckimi zvoc\u030cniki. <em>GSM buzz<\/em> lovi izbruhe elektromagnetne radiacije v trenutku vzpostavljenih povezav med mobilnimi naparavami in mobilnimi stolpi. Z\u030civahni izbruhi so rezultat prekomerne zasic\u030cenosti prenosa podatkov po mobilnih mrez\u030cah v ponavljajoc\u030cih se nizih, eden za drugim, vsake 0,004615 sekunde. <em>GSM buzz<\/em> uporablja sinhronizirane interference kot performativni material. Vsaka zvo\u010dna sled uporablja drugo generacijo mobilnega podatkovnega prenosa za obdelavo ponavljajo\u010dih se signalov brnenja.<br \/>\nPosnetek zvo\u010dnega dogodka za FM razstavo <em>radioCona: REuse MESTO: REuseRADIO<\/em>.<br \/>\n<a href=\"https:\/\/jeffkolar.bandcamp.com\/album\/gsm-buzz\">https:\/\/jeffkolar.bandcamp.com\/album\/gsm-buzz<\/a>.<\/p>\n<p>Brane Zorman in Irena Pivka\u00a0<strong><em>Field Frequency Flux\u00a0<\/em><\/strong>[Tok frekvenc polja], (41:00) \/ 2014<br \/>\n<em>in-situ<\/em> performans z FM intervencijami<\/p>\n<p><em>Field Frequency Flux<\/em>\u00a0je kompozicija, oddajana na lokalni FM radijski frekvenci z <em>in-situ<\/em> FM intervencijami. Izku\u0161nja performansa je osnovana na hoji in so\u010dasnem <em>in-situ<\/em> ter <em>in-tempo<\/em> poslu\u0161anju FM oddajanja skupaj z zvoki okolice. Zvo\u010dna kompozicija ter\u00a0<em>in-situ<\/em> FM intervencija sta osnovani na transmisiji in re-transmisiji bli\u017enjih in oddaljenih elektromagnetnih radiacij.<br \/>\nProdukcija Cona. Povezava na video\u00a0<a href=\"https:\/\/vimeo.com\/102227193\"><em>Field Frequency Flux<\/em><\/a>.<\/p>\n<p>Anna Friz in Konrad Korabiewski\u00a0<strong><em>Trilogy for night and radio\u00a0<\/em><\/strong>[Trilogija za no\u010d in radio],\u00a0(45:00) \/ 2015<\/p>\n<p><em>Trilogy for night and radio<\/em>\u00a0je radijsko delo v treh epizodah, ki raziskuje oddaljenost, potapljanje v temo in dolge zimske no\u010di na Severu. Trilogija je kolaborativna izmenjava med dvema potujo\u010dima zvo\u010dnima umetnikoma \u2013 Anno Fritz in Konradom Korabiewskim \u2013, ki s premi\u0161ljanjem ob\u010dutij prostora s snovnostjo signalov segata vse do oddaljenih geografskih prostorov.<br \/>\nKon\u010dni segment trilogije z naslovom\u00a0<em>Relay<\/em> sestavljajo posnetki, ki sta jih Anna in Konrad posnela okoli zimskega enakono\u010dja (21.\u201322. december) v praznih postindustrijskih prostorih, kjer sta takrat ustvarjala \u2013 Anna v nekdanji toba\u010dni tovarni v Ljubljani; Konrad pa v prazni tovarni slanikov v Seydisfj\u00f6rduru na Islandiji. Prepletla sta sledove in signale teh daljnih prostorov, s pomo\u010djo arhitekture in krajine, ki sta slu\u017eili kot filter zajetih signalov. Anna je uporabila elemente iz prvega odseka\u00a0in jih znova predvajala na kovanih ograjah in lesenih zidovih toba\u010dne tovarne s pomo\u010djo taktilnih pretvornikov ali zvo\u010dnikov, ki prena\u0161ajo vibracije na sti\u010dne povr\u0161ine. Ti signali so bili nato znova posneti s pomo\u010djo kontaktnih mikrofonov in poslani Konradu, ki jih je zamiksal skupaj s terenskimi posnetki iz razli\u010dnih hi\u0161 in prazne tovarne slanikov.<br \/>\n<a href=\"http:\/\/nicelittlestatic.com\/\">http:\/\/nicelittlestatic.com\/<\/a>,\u00a0<a href=\"http:\/\/www.korabiewski.com\/\">http:\/\/www.korabiewski.com\/<\/a><br \/>\n<em>Trilogy for night and radio<\/em>\u00a0je nastala v produkciji Creative Audio Unit s podporo Danish Arts Foundation, Dru\u0161tva danskih skladateljev, Cona, Kulturnega centra Toba\u010dna 001, Skaftfell Center for Visual Arts in Radiusa.<\/p>\n<p>Sa\u0161a Spa\u010dal (Agapea)\u00a0<strong><em>Tides\u00a0<\/em><\/strong>[Plimovanja], (23:11) \/ 2017<\/p>\n<p>Plimovanje, izmeni\u010dno spreminjanje vi\u0161ine vodne gladine na zemeljskem povr\u0161ju, posku\u0161a vzpostaviti popolno ravnovesje voda v dolo\u010denih pogojih prostora-\u010dasa. V\u010dasih pri plimovanju pride do odstopanja. V\u010dasih so za to krivi ljudje. V\u010dasih pride do poplav in su\u0161e \u2013 da se cikel za\u010dne znova. Da se populacija za\u010dne znova mno\u017eiti. Da \u010das za\u010dne znova te\u010di.<br \/>\nDelo je nastalo v okviru <em>radioCona:wolFMoon<\/em>, premierna zvo\u010dna dela v produkciji Cone.<\/p>\n<p>Andra\u017e Magajna\u00a0<strong><em>U cik zore<\/em><\/strong>, (24:13)<strong> \/ <\/strong>2016<\/p>\n<p><em>U cik zore <\/em>je zvo\u010dno tolma\u010denje no\u010di, ki se preve\u0161a v dan. Sestavljanko tvorijo terenski posnetek, zvoki kitare in njuni drobci. Z osredoto\u010danjem na zvo\u010dne tokove znotraj dnevnega 24-urnega cikla predstavlja spoj geofoni\u010dnih, biofoni\u010dnih in antropofoni\u010dnih trenutkov za\u010detka dneva.<br \/>\nDelo je nastalo v okviru <em>radioCona:0.2425<\/em>, premierna zvo\u010dna dela v produkciji Cone.<\/p>\n<p>Robertina \u0160ebjani\u010d\u00a0<em><strong>\u010crne kaplje \/ O kapljanju<\/strong>\u00a0<\/em>(23:00) \/ 2017<\/p>\n<p>Odzvanjajo\u010de kapljice v temi jam so zgo\u0161\u010den prikaz kompleksnega in ekstremnega okolja, ki je \u0161e vedno polno skrivnosti, teme in posebne lepote, kjer se zdi, kot bi se geolo\u0161ki in biolo\u0161ki \u010das odvijala v drugih \u010dasovnih okvirih.<br \/>\nV jamah je zaznaven izstopajo\u010d zvok, ki prebija ti\u0161ino, zvok kapljanja. Majhne, a vztrajno prisotne kapljice predstavljajo \u00bbprenos informacij\u00ab, vsebujejo podatke o \u017eivljenjskih pogojih, ki od zgoraj, iz gozdov, travnikov, polj in mest, pronicajo globoko v jamo in so vir hrane za biolo\u0161ko \u017eivljenje, kakor tudi gradbeni material za geolo\u0161ke strukture.<br \/>\nDelo je nastalo v okviru <em>radioCona:wolFMoon<\/em>, premierna zvo\u010dna dela v produkciji Cone.<\/p>\n<p>OR poiesis\u00a0<em><strong>Auralni spomin, \u010dasovne vrtine_flux<\/strong>\u00a0<\/em>(43:00) \/ 2016<\/p>\n<p>Performativna poezija; besedilo <em>Ni\u0161it hivotrv v ohu<\/em>; zvo\u010dna topografija rek Drave (Maribor) in Spree (Pl\u00e4nterwald, Berlin), potoka Kokedera (Kjoto) in izvira v Studenicah. Sluh je ob sonornosti teko\u010de vode pogosto dele\u017een zamaknjenja. Pozornost dela je usmerjena v prisluh in slutnjo, prepleta ju s spominom. Preto\u010dna be\u017enost ujetih glasov je v pisavi rek in intimnem razpolo\u017eenju poezije sli\u0161na skozi vakuum gluhega u\u0161esa.<br \/>\n<a href=\"http:\/\/orpoiesis.blogspot.com\/\">http:\/\/orpoiesis.blogspot.com\/<\/a>, Zavoda Uho; Oko, produkcija Petra Kap\u0161.<\/p>\n","protected":false},"excerpt":{"rendered":"<p>Daniel Premec\u00a0It is time for alert\u00a0[\u010cas za alarm], (4:00) \/ 2012 Zvo\u010dna instalacija It is time for alert je nastala kot odziv na splo\u0161ne razmere v na\u0161i dr\u017eavi, ki se negativno odra\u017eajo v na\u0161i kulturi in pomembnih kulturnih institucijah, s \u010dimer prihaja do izgube na\u0161e kulturne identitete. S 30-minutnim zvokom sirene, name\u0161\u010dene na pro\u010delju umetni\u0161ke [&hellip;]<\/p>\n","protected":false},"author":3,"featured_media":0,"parent":0,"menu_order":0,"comment_status":"closed","ping_status":"closed","template":"","meta":{"_mi_skip_tracking":false,"_monsterinsights_sitenote_active":false,"_monsterinsights_sitenote_note":"","_monsterinsights_sitenote_category":0},"_links":{"self":[{"href":"https:\/\/www.radiocona.si\/slo\/wp-json\/wp\/v2\/pages\/677"}],"collection":[{"href":"https:\/\/www.radiocona.si\/slo\/wp-json\/wp\/v2\/pages"}],"about":[{"href":"https:\/\/www.radiocona.si\/slo\/wp-json\/wp\/v2\/types\/page"}],"author":[{"embeddable":true,"href":"https:\/\/www.radiocona.si\/slo\/wp-json\/wp\/v2\/users\/3"}],"replies":[{"embeddable":true,"href":"https:\/\/www.radiocona.si\/slo\/wp-json\/wp\/v2\/comments?post=677"}],"version-history":[{"count":10,"href":"https:\/\/www.radiocona.si\/slo\/wp-json\/wp\/v2\/pages\/677\/revisions"}],"predecessor-version":[{"id":777,"href":"https:\/\/www.radiocona.si\/slo\/wp-json\/wp\/v2\/pages\/677\/revisions\/777"}],"wp:attachment":[{"href":"https:\/\/www.radiocona.si\/slo\/wp-json\/wp\/v2\/media?parent=677"}],"curies":[{"name":"wp","href":"https:\/\/api.w.org\/{rel}","templated":true}]}}