{"id":698,"date":"2018-01-23T09:42:43","date_gmt":"2018-01-23T08:42:43","guid":{"rendered":"http:\/\/www.radiocona.si\/slo\/?page_id=698"},"modified":"2018-02-02T15:00:41","modified_gmt":"2018-02-02T14:00:41","slug":"radioconaicebreakerfm-opisi-del-_-fm-program-ponedeljek","status":"publish","type":"page","link":"https:\/\/www.radiocona.si\/slo\/radioconaicebreakerfm-opisi-del-_-fm-program-ponedeljek\/","title":{"rendered":"radioCona:ICEbreakerFM \/ FM program ponedeljek"},"content":{"rendered":"<p>ponedeljek, 12. 2. 2018 od 18.29<\/p>\n<p>Ali Bramwell in Alenka Pirman <em><strong>Recreational bureaucracy: Amateur surveillance<\/strong>\u00a0<\/em>[Rekreativna birokracija: Amaterski nadzor], (5:30) \/ 2011<br \/>\n<em>in-situ<\/em> FM performans<\/p>\n<p>Umetnici sodelujeta pri izvajanju amaterskega nadzora v javnem prostoru. Navidezno uradni komentar opazovanja parkiranih avtomobilov je bil v \u017eivo predvajan preko radijskih valov v samem prostoru pod nadzorom: v podzemni gara\u017eni hi\u0161i nakupovalnega sredi\u0161\u010da. Dokumentacija in na\u010din njenega ponovnega javnega predvajanja sta mi\u0161ljeni kot posnemanje razli\u010dnih obstoje\u010dih klasifikacijskih in nadzornih dejavnosti, vladnih, poslovnih, voajerskih in tistih v re\u017eiji samooklicanih redarjev.<br \/>\n<a href=\"http:\/\/recreationalbureaucracy.blogspot.si\/\">http:\/\/recreationalbureaucracy.blogspot.si\/<\/a>\u00a0<em>Recreational bureaucracy <\/em>podpirata Phantom Billstickers in Physics Room, performans v Ljubljani je nastal v okviru razstave <em>RadioArts Space<\/em><\/p>\n<p>Jasmina Zalo\u017enik in \u0160pela Drnov\u0161ek <em><strong>(Pre)drzno branje<\/strong>,\u00a0<\/em>(10:00) \/ 2011<br \/>\n<em>in-situ<\/em> FM performans<\/p>\n<p>Na\u010dinov prevpra\u0161evanja dru\u017ebenih protokolov je ogromno. Drobne intervencije so u\u010dinkovit na\u010din preizku\u0161anja nenapisanih meja svobodne uporabe in naseljevanja vse bolj privatiziranih prostorov, ki (\u0161e vedno) sli\u0161ijo na ime javni prostor. Akcije: proletarsko nakupovanje, skupinsko \u0161\u010detkanje zob pred parlamentom, neutrudna vo\u017enja po teko\u010dih stopnicah v nakupovalnem sredi\u0161\u010du ali branje \u010dasopisa v trafiki so mo\u017eni poskusi bele\u017eenja in preizku\u0161anja meje, ki jo sistem dopu\u0161\u010da posamezniku. Ta meja je hkrati odvisna od \u0161tevilnih drugih dejavnikov, oznak in markiranj, ki se posamezniku, kot potencialnemu potro\u0161niku in (ne)uglednemu dr\u017eavljanju pripi\u0161e(jo). Intervencija (pre)drzno branje preizku\u0161a (toleran\u010dni) prag prodajalke, varnostnika, nakupovalca. Akterki si \u010dasopisne ponudbe ne ogledujeta, temve\u010d vztrajata v \u2018konzumaciji\u2019 izbrane vsebine, ki jo v glasnem prebiranju delita v povratni zanki z FM oddajanjem.<br \/>\nDelo je nastalo v okviru delavnice Oliver Frlji\u010d: <em>Dru\u017ebeni protokoli in njihova uporaba v umetni\u0161kem ustvarjanju<\/em>, Maskin seminar sodobnih scenskih umetnosti. Produkcija FM intervencije: Maska in Cona, razstava <em>Nikjer je najlep\u0161e<\/em>.<\/p>\n<p>Irena Pivka, Brane Zorman, Jasmina Zalo\u017enik <em><strong>Food market FM<\/strong>\u00a0<\/em>[Tr\u017enica FM], (15:00) \/ 2011<\/p>\n<p>Mapiranje dogodkov v javnem prostoru Ljubljanske tr\u017enice v povratni zanki z FM oddajanjem.<br \/>\nGlas: Jelena Li\u010danin, zvo\u010dna obdelava: Brane Zorman.<br \/>\nProdukcija Cona, razstava <em>Radio Arts Space<\/em>. povezava na video\u00a0<a href=\"http:\/\/www.radiocona.si\/trznica\/\"><em>Food market FM<\/em><\/a><\/p>\n<p>Ronald Panza in Mili Sefi\u0107 <em><strong>Fontane, fantomi<\/strong>\u00a0<\/em>[Vodnjaki, prikazni], (36:00) \/ 2012<\/p>\n<p><em>Fontane, fantomi<\/em> se ukvarja z vodnjaki mesta Mostar kot prostori za zbiranje zvo\u010dnega spomina kot tudi simptomi mestne delitve. Delo z vodnjaki reflektira samo eno izbrano obmo\u010dje od tistih, ki bi jih lahko uporabili v tej zvo\u010dni zgodbi mesta in njegovih zvo\u010dnih kodov.<br \/>\nZvok vodnjakov je prvi korak v poskusu, da bi z zbiranjem zvokov v mestu, zvokov, ki imajo identiteto, in z oblikovanjem zvo\u010dne arhitekture odkrili, kako ponovno povezati mesto z njegovim nekdanjim na\u010dinom obstoja, da bo vse spet kot mora biti.<br \/>\nZvok vodnjaka je zvok, s katerim vodnjak opazuje mesto.<br \/>\nProdukcija Cona za razstavo <em>Response sound maps<\/em>\/walks.<\/p>\n<p>Marko Batista <em><strong>Untitled: Element.14<\/strong>\u00a0<\/em>[brez naslova: 14. element]<em>, <\/em>(16:50) \/ 2015<\/p>\n<p>Kompozicija izhaja iz raziskovanja vmesnih zvo\u010dnih prostorov z uporabo doma izdelanih vmesnikov. Z ustvarjanjem hibridnih tehnolo\u0161kih in elektromagnetnih sistemov se avtor zoperstavlja mistifikaciji tehnologije, hkrati pa odpira nove na\u010dine razmi\u0161ljanja o njej. Avtorjevi eksperimentalnimi sistemi raz\u0161irjajo polje \u010dlove\u0161ke \u010dutne percepcije in fenomenologije nestabilnih avdio-vizualnih sistemov v prostoru in \u010dasu.<br \/>\nPosnetek zvo\u010dnega dogodka v okviru <em>radioCona:zimaFM<\/em>.<\/p>\n<p>Kikiriki <em><strong>Roj<\/strong>\u00a0<\/em>(19:30) \/ 2015<\/p>\n<p>Zvoki mno\u017eic ljudi, zbranih na razli\u010dnih krajih, zvo\u010dno delujejo kot roji \u017eivali. Vsak glas posebej lahko prepoznamo kot \u010dlove\u0161ko ogla\u0161anje. Glasovi skupaj tvorijo glasen \u0161um, manipuliran in miksan z analognimi klici sintetizatorjev in teremina, ki ima podobne zna\u010dilnosti kot \u010dlove\u0161ki glas.<br \/>\nPosnetek zvo\u010dnega dogodka v okviru <em>radioCona:zimaFM<\/em>.<\/p>\n<p>Vasja Progar <strong><em>Sub consciousness<\/em><\/strong><em>, <\/em>(22:16)<strong> \/ <\/strong>2014<\/p>\n<p>Delo je zasnovano kot raziskava zvo\u010dnega potenciala radiofrekven\u010dnih motenj (RFI). Te predstavljajo izhodi\u0161\u010dni material, iz katerega je z monta\u017eo in procesiranjem sestavljena zvo\u010dna kompozicija.<br \/>\nProdukcija Vasja Progar<\/p>\n<p>Brane Zorman <em><strong>ERDE unter Berlin<\/strong>\u00a0<\/em>[Zemlja pod Berlinom], (46:46) \/ 2012<\/p>\n<p>Mrzla in vetrovna berlinska no\u010d, zaledenela tla, posuta z grobim peskom in soljo. Avtomobili so obstali, pe\u0161\u010di so na toplem, tramvaj ob\u010dasno zare\u017ee po jeklenih tra\u010dnicah. Hitri koraki snemalca, ki s trdimi gumenimi podplati mapira nevidne kri\u017ene in kro\u017ene linije po zimskih ulicah na Prenzlauer Bergu. Roka v usnjeni rokavici dr\u017ei mikrofon, ki kot dron lebdi nad tlemi. Ob\u010dasni sunki vetra mo\u010dno udarjajo v mikrofonsko membrano, dih sape se spreminja v kristale, smeri korakov izginjajo brez sledi. Snemalec ne pu\u0161\u010da sledi, fanati\u010dno zajema zvo\u010dne sledi lastnih korakov v stiku s tlemi, ki se oja\u010dani in multiplicirani v kompoziciji zlijejo v kaoti\u010dno matrico na meji hrupa in izni\u010denja ti\u0161ine. Je to ve\u010derni sprehod? Je gradbi\u0161\u010de? Je test vzdr\u017eljivosti? Je skrivnost? Je voja\u0161ki pohod? \u010ce je to tako &#8230; kaj bi bil naslednji korak?<br \/>\nProdukcija Cona za <em>Response sound maps\/walks \u2013 radioCona:FIELD<\/em>.<\/p>\n<p>Bo\u0161tjan Perov\u0161ek <strong><em>Mrmranje tokov<\/em><\/strong>, (34:06) \/ 2012<\/p>\n<p>Pozabljene spominske podobe v soo\u010danju s sedanjostjo se nam v zvoku dela z uporabo sodobnih tehnologij razgalijo kot zvo\u010dna pokrajina preteklosti in sedanjosti. \u017divimo v svetu, ki \u010disla podobo tako visoko, da pozablja na zvok. Nanj se spomnimo \u0161ele takrat, ko ga ni ve\u010d. Prostori, po katerih stopamo, so dokon\u010dno definirani \u0161ele z zvokom, ki nas opominja in pelje v razli\u010dnost \u010dasovnih pasov; kratkih ali dalj\u0161ih. Govorica kot sredstvo verbalne komunikacije in govorica kot zvok prostora. Zvok, v katerem se koplje mesto Maribor, kot mestna tvorba in dogodki, ki se navezujejo nanj, komunicira s svojim zaledjem in \u0161ir\u0161im prostorom Slovenije.<br \/>\nProdukcija Bo\u0161tjan Perov\u0161ek.<\/p>\n<p>Amper-o-mat <strong><em>DMT1510<\/em><\/strong>, (26:02) \/ 2017<\/p>\n<p>DMT1510 predstavlja refleksijo no\u010dnega sprehoda po odmaknjenih podro\u010djih reke Savinje, ki je svojo katarzo dosegla naslednji dan ob petnajsti uri in deset minut, ko je nastalo tudi pri\u010dujo\u010de zvo\u010dno delo. DMT je kratica za snov dimetiltriptamin, ki se spro\u0161\u010da med sanjanjem oziroma med bedenjem v no\u010dnem \u010dasu in pri globoki meditaciji. Vsa ta stanja so posredno zajeta v zvo\u010dnem delu in tudi lahko povratno izhajajo iz le tega. V njem se, razen terenskega posnetka z reke Savinje, ki je docela neposreden in grob, prepletajo ve\u010dinoma subtilnej\u0161i vidiki energij okolja, zaznanih med polno\u010djo in drugo uro zjutraj, ki so plod kasnej\u0161ega premisleka te no\u010dne izku\u0161nje ob reki.<br \/>\nDelo je nastalo v okviru <em>radioCona:wolFMoon<\/em>, premierna zvo\u010dna dela v produkciji Cone.<\/p>\n<p>Sa\u0161a Spa\u010dal (Agapea) <strong><em>Cikli<\/em><\/strong>, (32:09) \/ 2016<\/p>\n<p>Cikli se zdijo naravni in ve\u010dni, vendar njihova nenehna preobrazba ni nikoli enaka. Cikli sledijo svojim lastnim potem evolucije in vznikajo kot nizi trenutkov. Trenutki so narezani, do\u017eiveti in izku\u0161eni, skorajda materializirani v izku\u0161nji in vedno neponovljivi. Z izku\u0161njo lahko zaznamo cikel, a le misel lahko sledi ciklu iz preteklosti preko sedanjega trenutka v prihodnost. Agapea uporablja razli\u010dne tehnologije za potapljanje v izku\u0161njo. Zvok proizvaja z DIY in drugimi analognimi sintetizatorji zvoka ter manipulira z ra\u010dunalni\u0161ko programsko opremo. Terenski posnetki, posneti s snemalnikom kot zvo\u010dnim oja\u010devalcem okolja, skupaj s fotografijami generirajo zamrznjene trenutke ciklov. Agapea obravnava tehnolo\u0161ka sredstva kot del biotopa; kot sobivajo\u010de organizme; kot \u010dri\u010dke\u00a0<em>Acheta domesticus<\/em>.<br \/>\n<a href=\"http:\/\/www.agapea.si\/\">http:\/\/www.agapea.si<\/a><br \/>\n<em>Delo je nastalo v okviru radioCona:0.2425, premierna zvo\u010dna dela v produkciji Cone.<\/em><\/p>\n<p>Anna Friz in Brane Zorman <strong><em>4-kanalna improvizacija na dveh FM frekvencah<\/em><\/strong>, (60:16) \/ 2014<br \/>\nponovitev re-transmisijskega performansa na radioCona 88.8 MHz in Radio \u0160tudent 89.3 MHz<\/p>\n<p>Avtorja sta izkoristila redko ponujeno mo\u017enost, da na dveh radijskih frekvencah iz iste lokacije izvedeta elektroakusti\u010dno improvizacijo in ustvarita 4-kanalno glasbeno radijsko delo. V celoti ga je bilo mogo\u010de spremljati in sli\u0161ati le, \u010de je poslu\u0161alec hkrati poslu\u0161al dva stereo sprejemnika, kajti vsak radijski transmisijski stereo kanal je prena\u0161al samo polovico posredovanih zvo\u010dnih informacij. S tem avtorja \u0161e dodatno izpostavita eno od osnovnih paradigm radijske umetnosti in FM intervencij \u2013 minljivost in enkratnost. Z enourno 4-kanalno improvizacijo na dveh FM frekvencah sta avtorja hkrati z umetni\u0161ko vsebino \u00bbokupirala\u00ab dve frekvenci v ljubljanskem radijskem spektru.<br \/>\nImprovizacija je nastala v okviru razstave radioCona:<em>\u00a0REuse MESTO:REuseRADIO<\/em>. Produkcija Cona v sodelovanju z Radiom \u0160tudent.<\/p>\n","protected":false},"excerpt":{"rendered":"<p>ponedeljek, 12. 2. 2018 od 18.29 Ali Bramwell in Alenka Pirman Recreational bureaucracy: Amateur surveillance\u00a0[Rekreativna birokracija: Amaterski nadzor], (5:30) \/ 2011 in-situ FM performans Umetnici sodelujeta pri izvajanju amaterskega nadzora v javnem prostoru. Navidezno uradni komentar opazovanja parkiranih avtomobilov je bil v \u017eivo predvajan preko radijskih valov v samem prostoru pod nadzorom: v podzemni gara\u017eni [&hellip;]<\/p>\n","protected":false},"author":3,"featured_media":0,"parent":0,"menu_order":0,"comment_status":"closed","ping_status":"closed","template":"","meta":{"_mi_skip_tracking":false,"_monsterinsights_sitenote_active":false,"_monsterinsights_sitenote_note":"","_monsterinsights_sitenote_category":0},"_links":{"self":[{"href":"https:\/\/www.radiocona.si\/slo\/wp-json\/wp\/v2\/pages\/698"}],"collection":[{"href":"https:\/\/www.radiocona.si\/slo\/wp-json\/wp\/v2\/pages"}],"about":[{"href":"https:\/\/www.radiocona.si\/slo\/wp-json\/wp\/v2\/types\/page"}],"author":[{"embeddable":true,"href":"https:\/\/www.radiocona.si\/slo\/wp-json\/wp\/v2\/users\/3"}],"replies":[{"embeddable":true,"href":"https:\/\/www.radiocona.si\/slo\/wp-json\/wp\/v2\/comments?post=698"}],"version-history":[{"count":6,"href":"https:\/\/www.radiocona.si\/slo\/wp-json\/wp\/v2\/pages\/698\/revisions"}],"predecessor-version":[{"id":778,"href":"https:\/\/www.radiocona.si\/slo\/wp-json\/wp\/v2\/pages\/698\/revisions\/778"}],"wp:attachment":[{"href":"https:\/\/www.radiocona.si\/slo\/wp-json\/wp\/v2\/media?parent=698"}],"curies":[{"name":"wp","href":"https:\/\/api.w.org\/{rel}","templated":true}]}}