{"id":720,"date":"2018-01-23T10:35:49","date_gmt":"2018-01-23T09:35:49","guid":{"rendered":"http:\/\/www.radiocona.si\/slo\/?page_id=720"},"modified":"2018-01-30T10:54:58","modified_gmt":"2018-01-30T09:54:58","slug":"radioconaicebreakerfm-fm-program-cetrtek","status":"publish","type":"page","link":"https:\/\/www.radiocona.si\/slo\/radioconaicebreakerfm-fm-program-cetrtek\/","title":{"rendered":"radioCona:ICEbreakerFM \/ FM program \u010detrtek"},"content":{"rendered":"<p>\u010detrtek, 15. februarja 2018, od 18. 32<\/p>\n<p>Dejan Srhoj\u00a0<strong><em>Sekvenca Labodje jezero<\/em><\/strong>,<strong><em>\u00a0<\/em><\/strong>(6:40) \/ 2010<br \/>\n<em>in-situ<\/em> plesni performans<\/p>\n<p>Dobesedni prenos partitute kultnega baleta <em>Labodje jezero<\/em> iz elitnih prostorov baletne hi\u0161e v odprti prostor tr\u017enice, kjer pulti z zeljenjavo postanejo nov scenografski element. Virtuozno kostumografijo zamenjajo vsakdanja obla\u010dila, izklesana, unitarna baletna telesa pa urbana kulturni\u0161ka individualizirana telesnost, ki si dovoli romanti\u010dno baletno pravljico prenesti v utripajo\u010d vrve\u017e na\u0161ega vsakdana. Tako nenadoma iz transcendentalnega butnemo ob betonsko realnost. Zvo\u010dna obdelava: Brane Zorman. Produkcija Cona, Fi\u010do Balet in gledali\u0161\u010de Ane Monro. Povezava na video\u00a0<a href=\"http:\/\/www.radiocona.si\/swan-lake\/\"><em>Labodje jezero<\/em><\/a>.<\/p>\n<p>Gregor Kamnikar in Ryuzo Fukuhara\u00a0<em><strong>Jutranji preteg<\/strong>, <\/em>(20:00) \/<em>\u00a0<\/em>2008<\/p>\n<p>Redna enourna gibalna delavnica pod vodstvom plesnih ustvarjalcev je nastala iz potrebe po spro\u0161\u010denem jutranjem dru\u017eenju, ki ne zahteva nobenega plesnega predznanja. Potrebno je le dovolj radovednosti in zaupanja v vaje, ki izhajajo iz sodobnih plesnih praks, da nas ogrejejo in pripravijo na gibanje \u010dez dan. Program radiaCona je omogo\u010dil raztegovanje medijev radia, plesa, pretegovanja in dru\u017eenja.<br \/>\nProdukcija FM dogodka <em>Jutranji preteg<\/em> v sodelovanju s Cono.<\/p>\n<p>beepblip\u00a0<strong><em>AM_on_FM <\/em>\/<\/strong><em><strong>\u00a0sine_wave<\/strong>\u00a0<\/em>[AM_na_FM \/ Sinusni val],<strong>\u00a0<\/strong>(14:05) \/ 2017<\/p>\n<p>AM valovi radijskega oddajanja z amplitudno modulacijo so zelo dovzetni za stati\u010dne motnje. Posnetki za zvo\u010dno kompozicijo so sestavljeni iz oscilacij, ki so \u0161e posebej sli\u0161ne pono\u010di, ko spremembe v ionosferi povzro\u010dijo specifi\u010dni sinusni hrup. Posnetki so zajeti ob 4.05 zjutraj, ko so moje misli ostre in zgo\u0161\u010dene.<br \/>\nDelo je nastalo v okviru <em>radioCona:wolFMoon<\/em>, premierna zvo\u010dna dela v produkciji Cone.<\/p>\n<p>Simon Macuh\u00a0<em><strong>Sprehodi za \u010duje\u010dnost<\/strong>\u00a0<\/em>(20:00) \/ 2016\u201317<\/p>\n<p><em>Sprehode za \u010duje\u010dnost <\/em>je avtor kot umetni\u0161ko formo za\u010del gojiti v obliki delavnic v Celju, marca 2014. Idejno ozadje procesa je iskanje odnosa do prostora skozi opazovanje fenomenov v njem ter interakcijo elementov, ki sobivajo. Skozi intervencijo v \u010dutno celoto, ki v grobem predstavlja to, da se skozi prostor gibljemo z zavezanimi o\u010dmi, se ta posledi\u010dno premesti in zgosti skozi druga \u010dutila in ob\u010dutke. \u010ce postane uho bolj uporabljeno kot oko, ni uho izra\u017eeno le skozi sluh, ampak ga v tej situaciji intenzivneje rabimo tudi kot organ za ravnote\u017eje. Sama lokacija postane spreminjajo\u010da se zvo\u010dna mapa, ki se naplasti v sprehajal\u010devi percepciji. Pri\u010dujo\u010de delo je nastajalo ob sprehodih, pri katerih je poudarjen zvok podlage (sneg, listje, pesek idr.), po kateri hodimo. Koliko se pravzaprav zavedamo, po \u010dem hodimo in kako tanek je led pod na\u0161imi nogami?<br \/>\nDelo je nastalo v okviru <em>radioCona:0.2425<\/em>, premierna zvo\u010dna dela v produkciji Cone.<\/p>\n<p>Andrej Hrvatin\u00a0<em><strong>No wolf, just wind and void!<\/strong>\u00a0<\/em>[Tu ni volka, le veter in praznina!]<em>,\u00a0<\/em>(22:38) \/ 2017<\/p>\n<p>Ko se neuspe\u0161no posnemanje ogla\u0161anja volkov prelevi v izlet v praznino neobljudene gozdne pokrajine. Zasne\u017eena pobo\u010dja, mraz, praznina, veter v kro\u0161njah in nepredirna tema spletajo napeve samote, ki prenesejo par snemalcev samotarjev v razli\u010dne domi\u0161ljijske filme. Narava je veli\u010dastno ravnodu\u0161na!<br \/>\nDelo je nastalo v okviru <em>radioCona:wolFMoon<\/em>, premierna zvo\u010dna dela v produkciji Cone.<\/p>\n<p>Robertina \u0160ebjani\u010d\u00a0<em><strong>Eleonore reminiscence<\/strong>\u00a0<\/em>[Reminiscence Eleonore]<em>, <\/em>(21:25) \/ 2015<\/p>\n<p>Zvo\u010dna krajina performansa predstavlja material, ki ga je avtorica zbrala med reziden\u010dnim bivanjem pri The Wet na ladji Eleonore, na reki Donavi v Linzu. Z eksperimentalnimi DIY-hidrofoni smo snemali podvodne zvoke. Terenski posnetki so predelani in v \u017eivo zmiksani v novo zvo\u010dno krajino. <a href=\"http:\/\/robertina.net\/\">http:\/\/robertina.net\/<\/a><br \/>\nPosnetek zvo\u010dnega dogodka v okviru radioCona:zimaFM.<\/p>\n<p>OR poiesis\u00a0<em><strong>Transij, mese\u010dina v skodelico porcelana<\/strong>\u00a0<\/em>(23:59) \/ 2017<\/p>\n<p>Citat iz \u00bbrde\u010de sobe\u00ab. <em>Transij, mese\u010dina v skodelico porcelana<\/em> je odmev preteklega \u010dasa. Terenski zvo\u010dni posnetki intimnih performativnih situacij in hoje se nas dotikajo skozi sluh. OR poiesis raziskuje izre\u010deno poezijo trenutka skozi glas, ki ga osvobaja jezikovnega pomena. Ali je ti\u0161ino nekega kraja \u0161e mo\u010d razlo\u010diti od ti\u0161ine razpolo\u017eenja?<br \/>\nDelo je nastalo v okviru <em>radioCona:wolFMoon<\/em>, premierna zvo\u010dna dela v produkciji Cone.<\/p>\n<p>Brane Zorman\u00a0<em><strong>It\u2019s in my nature<\/strong>\u00a0<\/em>[Tak sem po naravi],<strong>\u00a0<\/strong>(59:52) \/ 2017<br \/>\nVolkovi s tuljenjem akusti\u010dno markirajo teritorij in se povezujejo znotraj krdela. Tulijo v jasni, mirni no\u010di, najraje v \u010dasu somraka in na za\u010detku no\u010di. So takrat pogoji za transmisijo zvoka bolj\u0161i? Zaradi zasi\u010denosti dolo\u010denih prostorov in obdobij dneva, ki so posledica urbanizacije in nara\u0161\u010danja \u0161tevila prebivalstva, so se nekatere (\u017eivalske) vrste pri\u010dele umikati v \u0161e neposeljene pokrajine in v nezaseden del dneva \u2013 no\u010d. Te umike razbiramo kot iskanje mo\u017enih re\u0161itev, ki bi nam omogo\u010dile ve\u010djo kakovost bivanja, kot ga ponuja prezasi\u010deni prostor-\u010das. Je to izraz tihega upora ali zgolj prisilna prilagoditev, segregacija in podvojitev delovne produktivnosti?<br \/>\nDelo je nastalo v okviru <em>radioCona:wolFMoon<\/em>, premierna zvo\u010dna dela v produkciji Cone.<\/p>\n<p>Anna Friz\u00a0<em><strong>Whale radio<\/strong>\u00a0<\/em>[Radio kitov], (29:22) \/ 2014<\/p>\n<p><em>Whale radio<\/em> je oblika brez\u017ei\u010dnega odnosa, ki je tako intimen kot taktilen, obenem pa \u0161e promiskuiteten na daljavo; v celoti resonan\u010den (odmev povratne zanke mora prena\u0161ati pomen) in od vseh \u010dlenov v vezju zahteva, da imajo mo\u017enost tako po\u0161iljanja kot tudi prejemanja. Seveda se kiti pri komunikaciji zana\u0161ajo na mehanske zvo\u010dne, ne na elektromagnetne valove, in\u00a0z veliko hitrostjo se pribli\u017eujemo razli\u010dici post-\u010dlove\u0161ke zgodovine, v kateri bo uni\u010dena mo\u017enost obstoja kitov, s tem pa tudi mo\u017enost, da bi ljudje postali bolj podobni kitom. <em>Whale radio<\/em>\u00a0ostaja na voljo kot dober primer. Ali lahko ljudje razvijejo tak\u0161ne zmo\u017enosti in tak\u0161no dru\u017ebeno \u017eivljenje, ali lahko primeri iz <em>Whale radio<\/em> zrahljajo etiko tehnologij, ki jih razvijamo za komunikacijo na daljavo?\u00a0Ali lahko <em>Whale radio<\/em> slu\u017ei kot navdih za nove na\u010dine pogovora in komunikacije; raz\u0161iri na\u0161e dojemanje namena komunikacije, njenega trajanja, in spremeni oblike, ki jih uporabljamo pri sporazumevanju?<br \/>\nDelo je nastalo kot improvizacija v \u017eivo za FM razstavo <em>radioCona:REuse MESTO:REuse RADIO\u00a0<\/em>na rezidenci v KC Toba\u010dna 001 \/ MGML v produkciji Cone.<\/p>\n<p>Jeff Kolar\u00a0<em><strong>Remote control<\/strong>\u00a0<\/em>[Daljinski upravljalnik], (19:33) \/ 2014<\/p>\n<p><em>Remote control<\/em> je raziskava elektromagnetne aktivnosti na domu, ki jo oddajajo brez\u017ei\u010dni daljinski upravljalniki. <em>Remote control<\/em> pretvarja impulze infrarde\u010de svetlobe v zvo\u010dne valove z zavr\u017eenimi daljinskimi upravljalniki in ro\u010dno sestavljenimi amplitudnimi modulatorji. <em>Remote control<\/em> zaznava elektronske vzorce infrarde\u010de svetlobe preko oddajnika, sprejemnika in oddajnika-sprejemnika: vezja, ki lahko signale tako oddaja kot prejema, modulira in demodulira hkrati. <em>Remote control<\/em> s pritiskanjem gumbov v vzorcih manipulira kratke komunikacijske prenose med napravami z neoviranim prostorom, ki omogo\u010dajo podalj\u0161ano pomikanje in globoke sistemske nastavitve.<br \/>\nPosnela: Martin Leitner in Christian Gortz v studiiih ORF na Dunaju, v Avstriji.<br \/>\nPosnetek zvo\u010dnega dogodka v okviru <em>radioCona:zimaFM<\/em>.<\/p>\n<p><em><a href=\"http:\/\/www.radiocona.si\/slo\/pregon-zime\/\">Pre:gon zime<\/a>\u00a0<\/em>zvo\u010dni dogodek \u2013 ponovitev<\/p>\n","protected":false},"excerpt":{"rendered":"<p>\u010detrtek, 15. februarja 2018, od 18. 32 Dejan Srhoj\u00a0Sekvenca Labodje jezero,\u00a0(6:40) \/ 2010 in-situ plesni performans Dobesedni prenos partitute kultnega baleta Labodje jezero iz elitnih prostorov baletne hi\u0161e v odprti prostor tr\u017enice, kjer pulti z zeljenjavo postanejo nov scenografski element. Virtuozno kostumografijo zamenjajo vsakdanja obla\u010dila, izklesana, unitarna baletna telesa pa urbana kulturni\u0161ka individualizirana telesnost, ki [&hellip;]<\/p>\n","protected":false},"author":3,"featured_media":0,"parent":0,"menu_order":0,"comment_status":"closed","ping_status":"closed","template":"","meta":{"_mi_skip_tracking":false,"_monsterinsights_sitenote_active":false,"_monsterinsights_sitenote_note":"","_monsterinsights_sitenote_category":0},"_links":{"self":[{"href":"https:\/\/www.radiocona.si\/slo\/wp-json\/wp\/v2\/pages\/720"}],"collection":[{"href":"https:\/\/www.radiocona.si\/slo\/wp-json\/wp\/v2\/pages"}],"about":[{"href":"https:\/\/www.radiocona.si\/slo\/wp-json\/wp\/v2\/types\/page"}],"author":[{"embeddable":true,"href":"https:\/\/www.radiocona.si\/slo\/wp-json\/wp\/v2\/users\/3"}],"replies":[{"embeddable":true,"href":"https:\/\/www.radiocona.si\/slo\/wp-json\/wp\/v2\/comments?post=720"}],"version-history":[{"count":6,"href":"https:\/\/www.radiocona.si\/slo\/wp-json\/wp\/v2\/pages\/720\/revisions"}],"predecessor-version":[{"id":765,"href":"https:\/\/www.radiocona.si\/slo\/wp-json\/wp\/v2\/pages\/720\/revisions\/765"}],"wp:attachment":[{"href":"https:\/\/www.radiocona.si\/slo\/wp-json\/wp\/v2\/media?parent=720"}],"curies":[{"name":"wp","href":"https:\/\/api.w.org\/{rel}","templated":true}]}}