{"id":739,"date":"2018-01-23T15:28:51","date_gmt":"2018-01-23T14:28:51","guid":{"rendered":"http:\/\/www.radiocona.si\/slo\/?page_id=739"},"modified":"2018-02-09T09:13:56","modified_gmt":"2018-02-09T08:13:56","slug":"radioconaice-breakerfm-fm-program","status":"publish","type":"page","link":"https:\/\/www.radiocona.si\/slo\/radioconaice-breakerfm-fm-program\/","title":{"rendered":"radioCona:ICE breakerFM  &#8211; FM program"},"content":{"rendered":"<p><strong>nedelja,11. februarja, od 18.28\u00a0<\/strong>\u00a0\/\u00a0<a href=\"http:\/\/www.radiocona.si\/slo\/radioconaicebreakerfm-opisi-del-_-nedelja\/\">povezava na opis del<\/a><\/p>\n<p>Daniel Premec\u00a0<em>It is time for alert<\/em><br \/>\nradioCona\u00a0<em>APEL<\/em><br \/>\nSa\u0161ka Rakef\u00a0<em>Krhanje lepote\u00a0<\/em>(radijska igra)<br \/>\nIrena Pivka\u00a0<em>TM11 hall mapping<\/em><br \/>\nAnna Friz in Maja Osojnik\u00a0<em>Trans local<\/em><br \/>\nJeff Kolar\u00a0<em>GSM buzz<\/em><br \/>\nBrane Zorman in Irena Pivka\u00a0<em>Field frequency flux<\/em><br \/>\nAnna Friz in Konrad Korabiewski\u00a0<em>Trilogy for night and radio<\/em><br \/>\nSa\u0161a Spa\u010dal (Agapea)\u00a0<em>Tides<\/em><br \/>\nAndra\u017e Magajna\u00a0<em>U cik zore<\/em><br \/>\nRobertina \u0160ebjani\u010d\u00a0<em>\u010crne kaplje \/ O kapljanju<\/em><br \/>\nOR poiesis\u00a0<em>Auralni spomin, \u010dasovne vrtine_flux<\/em><\/p>\n<p><strong>ponedeljek,12. februarja, od 18.29<\/strong>\u00a0\/\u00a0<a href=\"http:\/\/www.radiocona.si\/slo\/radioconaicebreakerfm-opisi-del-_-fm-program-ponedeljek\/\">povezava na opis del<\/a><\/p>\n<p>Ali Bramwell in Alenka Pirman\u00a0<em>Recreational bureaucracy: Amateur surveillance<\/em><br \/>\nJasmina Zalo\u017enik in \u0160pela Drnov\u0161ek\u00a0<em>(Pre)drzno branje<\/em><br \/>\nIrena Pivka, Brane Zorman, Jasmina Zalo\u017enik\u00a0<em>Food market FM<\/em><br \/>\nRonald Panza in Mili Sefi\u0107\u00a0<em>Fontane, fantomi<\/em><br \/>\nMarko Batista\u00a0<em>Untitled: Element.14<\/em><br \/>\nKikiriki\u00a0<em>Roj<\/em><br \/>\nVasja Progar\u00a0<em>Sub consciousness<\/em><br \/>\nBrane Zorman\u00a0<em>ERDE unter Berlin<\/em><br \/>\nBo\u0161tjan Perov\u0161ek\u00a0<em>Mrmranje tokov<\/em><br \/>\nAmper-o-mat\u00a0<em>DMT1510<\/em><br \/>\nSa\u0161a Spa\u010dal (Agapea)\u00a0<em>Cikli<\/em><br \/>\nAnna Friz in Brane Zorman\u00a0<em>4-kanalna improvizacija na dveh FM frekvencah,\u00a0<\/em>ponovitev performansa iz leta 2015, radioCona 88.8\u00a0MHz in Radio \u0160tudent 89.3\u00a0MHz, ob 23.00<\/p>\n<p><strong>torek,13. februarja,\u00a0od 18.30<\/strong>\u00a0\/\u00a0<a href=\"http:\/\/www.radiocona.si\/slo\/radioconaicebreakerfm-fm-program-torek\/\">povezava na opis del<\/a><\/p>\n<p>Jasmina Zalo\u017enik, Irena Pivka, Brane Zorman\u00a0<em>Zaple\u0161i tudi ti<\/em><br \/>\nBrane Zorman, Irena Pivka, Jasmina Zalo\u017enik in udele\u017eenci\u00a0<em>wolFMoon howling<\/em><br \/>\nMaria Papadomanolaki\u00a0<em>To begin is to follow on from<\/em><br \/>\nKathy Kennedy\u00a0<em>Hmmm \u2026<\/em><br \/>\n<a href=\"http:\/\/www.radiocona.si\/slo\/pregon-zime\/\"><em>Pre:gon<\/em>\u00a0<em>zime<\/em><\/a>\u00a0Osrednji celove\u010derni koncertni dogodek zvo\u010dnih umetnic in umetnikov ob desetletnici delovanja radioCona 20.00\u201322.00 Kino \u0160i\u0161ka, dvorana Komuna ter prenos na radioCona 88.8MHz in Radio \u0160tudent\u00a089.3\u00a0MHz<br \/>\nVasja Progar\u00a0<em>\u0160tudija RFI\u00a0<\/em><br \/>\nJan Turk in Marko Batista<em>\u00a0Cave astronauts<\/em><\/p>\n<p><strong>sreda,14. februar,\u00a0\u00a0od 18.31<\/strong>\u00a0\/\u00a0<a href=\"http:\/\/www.radiocona.si\/slo\/radioconaicebreakerfm-fm-program-sreda\/\">povezava na opis del<\/a><\/p>\n<p>Irena Pivka<em>\u00a0Street mapping\u00a0<\/em><br \/>\nIrena Pivka<em>\u00a0Arsenal depo mapping\u00a0<\/em><br \/>\nVolkmar Klien\u00a0<em>Zeugnisse vergangener lebensformen<\/em><br \/>\nMarko Batista\u00a0<em>Night after night<\/em><br \/>\nUdo Noll\u00a0<em>Maribor maps<\/em><br \/>\nOR poiesis\u00a0<em>Uho v vrtovih ti\u0161in, stranske ulice<\/em><br \/>\nBrane Zorman\u00a0<em>Hidden materia<\/em><br \/>\nAnna Friz\u00a0<em>White night<\/em><br \/>\nBrane Zorman in Maja Smrekar\u00a0<em>Wolf howling<\/em><br \/>\nIgor \u0160tromajer\u00a0<em>3\u00a6\u00d7F\u0144\u2013Q\u00e93 = Mi\u00e0\u2020<\/em><\/p>\n<p><strong>\u010detrtek,15. februar,\u00a0od 18.32<\/strong>\u00a0\/\u00a0<a href=\"http:\/\/www.radiocona.si\/slo\/radioconaicebreakerfm-fm-program-cetrtek\/\">povezava na opis del<\/a><\/p>\n<p>Dejan Srhoj\u00a0<em>Sekvenca Labodje jezero<\/em><br \/>\nGregor Kamnikar in Ryuzo Fukuhara\u00a0<em>Jutranji preteg\u00a0<\/em><br \/>\nbeepblip\u00a0<em>AM_on_FM\u00a0<\/em>in<em>\u00a0sine_wave<\/em><br \/>\nSimon Macuh\u00a0<em>Sprehodi za \u010duje\u010dnost<\/em><br \/>\nAndrej Hrvatin\u00a0<em>No wolf, just wind and void!<\/em><br \/>\nRobertina \u0160ebjani\u010d\u00a0<em>Eleonore reminiscence\u00a0<\/em><br \/>\nOR poiesis\u00a0<em>Transij, mese\u010dina v skodelico porcelana<\/em><br \/>\nBrane Zorman\u00a0<em>It\u2019s in my nature<\/em><br \/>\nAnna Friz\u00a0<em>Whale radio<\/em><br \/>\nJeff Kolar\u00a0<em>Remote control\u00a0<\/em><br \/>\n<em>Pre:gon zime &#8220;<\/em>ponovitev<em>\u00a0<\/em>zvo\u010dnega dogodka&#8221;<\/p>\n","protected":false},"excerpt":{"rendered":"<p>nedelja,11. februarja, od 18.28\u00a0\u00a0\/\u00a0povezava na opis del Daniel Premec\u00a0It is time for alert radioCona\u00a0APEL Sa\u0161ka Rakef\u00a0Krhanje lepote\u00a0(radijska igra) Irena Pivka\u00a0TM11 hall mapping Anna Friz in Maja Osojnik\u00a0Trans local Jeff Kolar\u00a0GSM buzz Brane Zorman in Irena Pivka\u00a0Field frequency flux Anna Friz in Konrad Korabiewski\u00a0Trilogy for night and radio Sa\u0161a Spa\u010dal (Agapea)\u00a0Tides Andra\u017e Magajna\u00a0U cik zore Robertina [&hellip;]<\/p>\n","protected":false},"author":3,"featured_media":0,"parent":0,"menu_order":0,"comment_status":"closed","ping_status":"closed","template":"","meta":{"_mi_skip_tracking":false,"_monsterinsights_sitenote_active":false,"_monsterinsights_sitenote_note":"","_monsterinsights_sitenote_category":0},"_links":{"self":[{"href":"https:\/\/www.radiocona.si\/slo\/wp-json\/wp\/v2\/pages\/739"}],"collection":[{"href":"https:\/\/www.radiocona.si\/slo\/wp-json\/wp\/v2\/pages"}],"about":[{"href":"https:\/\/www.radiocona.si\/slo\/wp-json\/wp\/v2\/types\/page"}],"author":[{"embeddable":true,"href":"https:\/\/www.radiocona.si\/slo\/wp-json\/wp\/v2\/users\/3"}],"replies":[{"embeddable":true,"href":"https:\/\/www.radiocona.si\/slo\/wp-json\/wp\/v2\/comments?post=739"}],"version-history":[{"count":5,"href":"https:\/\/www.radiocona.si\/slo\/wp-json\/wp\/v2\/pages\/739\/revisions"}],"predecessor-version":[{"id":756,"href":"https:\/\/www.radiocona.si\/slo\/wp-json\/wp\/v2\/pages\/739\/revisions\/756"}],"wp:attachment":[{"href":"https:\/\/www.radiocona.si\/slo\/wp-json\/wp\/v2\/media?parent=739"}],"curies":[{"name":"wp","href":"https:\/\/api.w.org\/{rel}","templated":true}]}}