{"id":874,"date":"2020-01-12T17:38:36","date_gmt":"2020-01-12T16:38:36","guid":{"rendered":"http:\/\/www.radiocona.si\/slo\/?page_id=874"},"modified":"2020-01-20T21:06:06","modified_gmt":"2020-01-20T20:06:06","slug":"program-po-dnevih_radioconakrajine-pripovedi-jv","status":"publish","type":"page","link":"https:\/\/www.radiocona.si\/slo\/program-po-dnevih_radioconakrajine-pripovedi-jv\/","title":{"rendered":"FM program po dnevih_radioCona:Krajine pripovedi JV"},"content":{"rendered":"<p><strong>sobota, 18. jan. od 18.33.\u00a0 <\/strong><\/p>\n<p><em>World nesting in her footsteps<\/em><\/p>\n<p>01) beeplip <em>Noise for Strings<\/em><br \/>\n02) Marija Balubd\u017ei\u0107 <em>Umbra Posle<\/em><br \/>\n03) Anamaria Pravicencu <em>Mara\u2019s Neck<\/em><br \/>\n04) Manja Risti\u0107 <em>Dance of the Psychopomp<\/em><br \/>\n05) Marija \u0160umarac <em>Walking<\/em><br \/>\n06) Bojana \u0160alji\u0107 Pode\u0161va <em>vIDEN <\/em><br \/>\n07) Teodora Stepan\u010di\u0107 <em>guitars streets resonances<\/em><br \/>\n08) Jasna Jovi\u0107evi\u0107 <em>Gayatri mantra<\/em><br \/>\n09) Robertina \u0160ebjani\u010d, beepblip, Manja Risti\u0107 <em>EarthSea<\/em><\/p>\n<p><em>Human error<\/em><\/p>\n<p>01_Toni Dimitrov <em>Metal Kratovo<\/em><br \/>\n02_Roberto Vodanovi\u0107 <em>Turn back on my steps, my steps turn back too<\/em><br \/>\n03_Sa\u0161a Spa\u010dal and Jan Turk <em>Plastic_ity<\/em><br \/>\n04_PonTon <em>LED<\/em><br \/>\n05_Miron Ghiu <em>cracked noises with lots of delays<\/em><br \/>\n06_Ronald Panza Zvu\u010dne razglednice Hercegovine <em>\u010capljina 01<\/em><br \/>\n07_Ronald Panza Zvu\u010dne razglednice Hercegovine <em>\u010capljina 02<\/em><br \/>\n08_Trohi <em>chinii i spokoistvie<\/em><br \/>\n09_Manja Risti\u0107<em> Harmony<\/em><br \/>\n10_Ivan \u010ckonjevi\u0107 <em>Prostornost<\/em><br \/>\n11_ Igor Stangliczky, Marko Paunovi\u0107, Manja Risti\u0107 <em>Living Room at Lenga<\/em> (concert for the pines)<\/p>\n<p><strong>nedelja, 19. jan. od 18.34.\u00a0<\/strong><\/p>\n<p><em>Sound \/ Space \/ Memory fields<\/em><\/p>\n<p>1-12) Bojan Gagi\u0107 <em>the silence behind us<\/em><br \/>\n13) Ana Ganjtovi\u0107 <em>Light Trains<\/em><br \/>\n14) Rastko Lazi\u0107 <em>Sukau Rainforest Night 11052019<\/em><br \/>\n15) Jovana Ivanac <em>Wanderings<\/em><br \/>\n16) Sound_00 + Lefterna <em>Collab 03<\/em><br \/>\n17) Bo\u0161tjan Perov\u0161ek <em>Bugs, a Walrus and a Door \u2013 Steklenik 2018<\/em><br \/>\n18) Sa\u0161o Puckovski Noitu <em>Eastern Railway Terminus Interiors<\/em><br \/>\n19) sonic matter <em>Automobili\u0107i Kali\u0161<\/em><br \/>\n20) OR poiesis <em>Kamnolom kisetsu<\/em><br \/>\n21) Marko Paunovi\u0107 Vatra <em>Zemlja Vazduh Svetlost Voda<\/em><br \/>\n22) Lukatoyboy <em>160527-160714 (Obama landing in Hiroshima)<\/em><\/p>\n<p><strong>ponedeljek, 20. jan. od 18.35.\u00a0<\/strong><\/p>\n<p><em>All about water<\/em><\/p>\n<p><em>\u00a0<\/em>01) Svetlana Mara\u0161 <em>Soudscape Cabinet<\/em><br \/>\n02) Kor\u010dula Soundmap <em>Hydrophone burried inside the new sand behind the Bernardi&#8217;s Monument<\/em><br \/>\n03) <em>Zvu\u010dne razglednice Hercegovine Neretva, Mostar<\/em><br \/>\n04) Ivo Vicic <em>Undersea<\/em><br \/>\n05) sonic matter <em>Sea pool at Lenga crab playing with hydrophone<\/em><br \/>\n06) Kor\u010dula Soundmap <em>Broken ewer in Depolo Street<\/em><br \/>\n07) <em>Silba Soundmap Vele Stene Vitar<\/em><br \/>\n08) <em>Silba Soundmap Potsukmarak<\/em><br \/>\n09) Avala Soundmap<em> Oasis Bee Forest<\/em><br \/>\n10) sonic matter <em>Ra\u010di\u0161\u0107e town beach hydro in the pebbels<\/em><br \/>\n11) sonic matter <em>Frog mix Avala<\/em><br \/>\n12) sonic matter <em>Rock cravice strong Maestral \u2013 hydrophone<\/em><br \/>\n13) Kor\u010dula Soundmap <em>Andrej&#8217;s barrier under the west tower<\/em><br \/>\n14) sonic matter <em>Ba\u010dva Bay hydrophone<\/em><br \/>\n15) Svetlana Mara\u0161 <em>Wasser<\/em><br \/>\n16) sonic matter <em>Oluk 4.44<\/em><\/p>\n<p><em>Urban dreamscapes<\/em><\/p>\n<p>01) Igor Stangliczky <em>MM2016 FIREWORKS DUB<\/em><br \/>\n02) Maria Ponce <em>En el tu nel todo puede pasar<\/em><br \/>\n03) Manja Risti\u0107 <em>The Walk<\/em><br \/>\n04) Yoana Robova <em>it is a bit crowded<\/em><br \/>\n05) Simina Oprescu <em>Deeper Surroundings<\/em><br \/>\n06) Robertina \u0160ebjani\u010d, Ale\u0161 Hieng \u2013 Zergon, Ida Hir\u0161enfelder: <em>Sound Disposition &#8211; Crystal Gardens<\/em><br \/>\n07) Maria Papadomanolaki <em>London Ravenscourt Park<\/em><br \/>\n08) Maria Ponce <em>No bird song<\/em><br \/>\n09) sonic matter <em>In\u00e9s &amp; perros locos<\/em><br \/>\n10) Rastko Lazi\u0107, Manja Risti\u0107 <em>Inner Island Vrnik<\/em><br \/>\n11) Mirian Kolev &amp; Manja Risti\u0107 <em>Within many<\/em><\/p>\n<p><strong>torek, 21. jan. od 18.36.\u00a0<\/strong><\/p>\n<p><em>Live from Steklenik<\/em><\/p>\n<p>Amper-o-mat, beepblip, OR poiesis, Bo\u0161tjan Perov\u0161ek, Bojana \u0160alji\u0107 Pode\u0161va, Brane Zorman \u00a0<em>ICEmeltings<\/em><br \/>\npreklop v \u017eivo iz Steklenika<br \/>\n19.00 Manja Risti\u0107 lecture <strong><em>Introduction to sound &amp; listening as a psychoenergetic agencies<\/em><\/strong><br \/>\n20.00 Jata C (beepblip, OR poiesis, Bo\u0161tjan Perov\u0161ek, Bojana \u0160alji\u0107 Pode\u0161va, Brane Zorman):\u00a0<em><strong>Bibaret JC210120<\/strong><\/em><em>,\u00a0<\/em>live sound even<br \/>\npreklop<br \/>\nMartin Ecles <em>No. 2: \u2018no trace\u2019<\/em><\/p>\n<p><strong>sreda, 22. jan. od 18.37.\u00a0<\/strong><\/p>\n<p><em>Flickering<\/em><\/p>\n<p>01) sonic matter <em>Vrnik quarry mother &amp; son<\/em><br \/>\n02) sonic matter <em>Tram no 10 ride from Dor\u0107ol to Autokomanda, Belgrade<\/em><br \/>\n03) Tina Kozin, Bojana \u0160alji\u0107 Pode\u0161va, Sa\u0161a Rakef opera<em> IDEN<\/em><br \/>\n04) Manja Risti\u0107 <em>Lost in gyration<\/em><br \/>\n05) Irena Pivka, Brane Zorman <em>WALKING the Aphelion <\/em>(30\u201947)<em>, WALKING the Perihelion<\/em><br \/>\n06) Manja Risti\u0107 <em>Non-existent Planetary Field Remixed<\/em><br \/>\n07) Avala Soundmap <em>Black Forest South-East<\/em><br \/>\n08) sonic matter <em>Dunav Zemunski Kej hidrofon<\/em><br \/>\n09) Silba Soundmap <em>Dobre vode walk over thick algae carpet<\/em><br \/>\n10) Silba Soundmap <em>Bells for the deceased<\/em><br \/>\n11) Silba Soundmap <em>Legendary Lastovo Boat Docking at Silba Port<\/em><br \/>\n12) Lukatoyboy <em>160527-184621 (Hiroshima &#8211; Abe &amp; Obama wreaths mobbed by visitors)<\/em><br \/>\n13) Miron Ghiu <em>Journey to the end of the world party<\/em><br \/>\n14) Manja Risti\u0107 <em>Before sunrise<\/em><br \/>\n15) sonic matter <em>Life And Death Of A Vineyard Cricket act one<\/em><\/p>\n<p><strong>\u010detrtek, 23. jan. od 18.38.\u00a0<\/strong><\/p>\n<p><em>Sound bodies<\/em><\/p>\n<p>01) sonic matter <em>Pr\u017eina Bay at Night<\/em><br \/>\n02) Kor\u010dula Soundmap <em>Water for Fire Tank, Forest above town<\/em><br \/>\n03) Brane Zorman <em>INSECTA Cantata<\/em><br \/>\n04) Vida Vatovec <em>Interaction on INSECTA Cantata I<\/em><br \/>\n05) Ga\u0161per Livk <em>Interaction on INSECTA Cantata II<\/em><br \/>\n06) Mauricio Vald\u00e9s San-Emeterio \u00a0<em>Interaction on INSECTA Cantata III<\/em><br \/>\n07) sonic matter <em>Salt pit Glogovac<\/em><br \/>\n08) sonic matter <em>From inside the ruins of Vrnik island<\/em><br \/>\n09) Kor\u010dula Soundmap <em>Sea waterpolo pool KPK, fish playing with hydrophone<\/em><br \/>\n10) sonic matter <em>Wind in the Oak Tree Avala<\/em><br \/>\n11) Sonic Anatomy <em>Silent tears<\/em><br \/>\n12) sonic matter <em>Life And Death Of A Vineyard Cricket act two<\/em><\/p>\n","protected":false},"excerpt":{"rendered":"<p>sobota, 18. jan. od 18.33.\u00a0 World nesting in her footsteps 01) beeplip Noise for Strings 02) Marija Balubd\u017ei\u0107 Umbra Posle 03) Anamaria Pravicencu Mara\u2019s Neck 04) Manja Risti\u0107 Dance of the Psychopomp 05) Marija \u0160umarac Walking 06) Bojana \u0160alji\u0107 Pode\u0161va vIDEN 07) Teodora Stepan\u010di\u0107 guitars streets resonances 08) Jasna Jovi\u0107evi\u0107 Gayatri mantra 09) Robertina \u0160ebjani\u010d, [&hellip;]<\/p>\n","protected":false},"author":3,"featured_media":0,"parent":0,"menu_order":0,"comment_status":"closed","ping_status":"closed","template":"","meta":{"_mi_skip_tracking":false,"_monsterinsights_sitenote_active":false,"_monsterinsights_sitenote_note":"","_monsterinsights_sitenote_category":0},"_links":{"self":[{"href":"https:\/\/www.radiocona.si\/slo\/wp-json\/wp\/v2\/pages\/874"}],"collection":[{"href":"https:\/\/www.radiocona.si\/slo\/wp-json\/wp\/v2\/pages"}],"about":[{"href":"https:\/\/www.radiocona.si\/slo\/wp-json\/wp\/v2\/types\/page"}],"author":[{"embeddable":true,"href":"https:\/\/www.radiocona.si\/slo\/wp-json\/wp\/v2\/users\/3"}],"replies":[{"embeddable":true,"href":"https:\/\/www.radiocona.si\/slo\/wp-json\/wp\/v2\/comments?post=874"}],"version-history":[{"count":5,"href":"https:\/\/www.radiocona.si\/slo\/wp-json\/wp\/v2\/pages\/874\/revisions"}],"predecessor-version":[{"id":883,"href":"https:\/\/www.radiocona.si\/slo\/wp-json\/wp\/v2\/pages\/874\/revisions\/883"}],"wp:attachment":[{"href":"https:\/\/www.radiocona.si\/slo\/wp-json\/wp\/v2\/media?parent=874"}],"curies":[{"name":"wp","href":"https:\/\/api.w.org\/{rel}","templated":true}]}}